{"id":2034,"date":"2021-04-21T08:42:48","date_gmt":"2021-04-21T06:42:48","guid":{"rendered":"https:\/\/www.consultorsgqf.com\/aviso-legal\/"},"modified":"2025-07-31T11:33:21","modified_gmt":"2025-07-31T09:33:21","slug":"aviso-legal","status":"publish","type":"page","link":"https:\/\/www.consultorsgqf.com\/es\/aviso-legal\/","title":{"rendered":"Aviso legal"},"content":{"rendered":"\t\t<div data-elementor-type=\"wp-page\" data-elementor-id=\"2034\" class=\"elementor elementor-2034 elementor-56\" data-elementor-post-type=\"page\">\n\t\t\t\t\t\t<section data-particle_enable=\"false\" data-particle-mobile-disabled=\"false\" class=\"elementor-section elementor-top-section elementor-element elementor-element-55d8907 elementor-section-boxed elementor-section-height-default elementor-section-height-default\" data-id=\"55d8907\" data-element_type=\"section\" data-e-type=\"section\" data-settings=\"{&quot;background_background&quot;:&quot;classic&quot;}\">\n\t\t\t\t\t\t<div class=\"elementor-container elementor-column-gap-default\">\n\t\t\t\t\t<div class=\"elementor-column elementor-col-100 elementor-top-column elementor-element elementor-element-ef7b029\" data-id=\"ef7b029\" data-element_type=\"column\" data-e-type=\"column\">\n\t\t\t<div class=\"elementor-widget-wrap elementor-element-populated\">\n\t\t\t\t\t\t<div class=\"elementor-element elementor-element-3623813 elementor-widget__width-initial elementor-widget elementor-widget-heading\" data-id=\"3623813\" data-element_type=\"widget\" data-e-type=\"widget\" data-widget_type=\"heading.default\">\n\t\t\t\t<div class=\"elementor-widget-container\">\n\t\t\t\t\t<h1 class=\"elementor-heading-title elementor-size-default\">Aviso legal<\/h1>\t\t\t\t<\/div>\n\t\t\t\t<\/div>\n\t\t\t\t<div class=\"elementor-element elementor-element-991ce04 elementor-widget elementor-widget-text-editor\" data-id=\"991ce04\" data-element_type=\"widget\" data-e-type=\"widget\" data-widget_type=\"text-editor.default\">\n\t\t\t\t<div class=\"elementor-widget-container\">\n\t\t\t\t\t\t\t\t\t<p>El sitio web y el dominio www.consultorsgqf.com corresponden a Consultors en Gesti\u00f3, Qualitat i Formaci\u00f3 SL \u00a0(en adelante GQF), con CIF B17641432, domiciliada en Calle Cervantes, 34 3\u00ba &#8211; 17230 Palam\u00f3s. Tel. 649 288 408, a\/e gqf@consultorsgqf.com. Figura inscrita en el Registro Mercantil de Girona.<\/p>\n<p><strong>PROPIEDAD INTELECTUAL E INDUSTRIAL<\/strong><\/p>\n<p>Los continidos de este sitio, incluyendo los textos, imagenes y dise\u00f1os gr\u00e1ficos, \u00a0pertenecen a GQF, o a terceros que han autorizado su uso espec\u00edficamente en su sitio web. GQF presenta estos contenidos con finalidades de informaci\u00f3n y publicidad. GQF autoriza la utilizaci\u00f3n exclusivamente par difundir sus productos o servicios. Cualquier utilizaci\u00f3n de estos dise\u00f1os, im\u00e1genes o textos deber\u00e1 citar expresamente su pertenencia a GQF , que se reserva el derecho a iniciar las acciones legales oportunas para reparar los da\u00f1os y perjuicios causados por cualquier acto que vulnere sus derechos de propiedad intelectual o industrial. No se autoriza la utilizaci\u00f3n de los logotipos, dise\u00f1os, marcas u otros se\u00f1ales distintivos de GQF ni de los clientes de GQF sin autorizaci\u00f3n expresa, previa y por escrito de los respectivos titulares de los derechos.<\/p>\n<p>No se autorizan presentaciones de los contenidos de este sitio en una ventana aliena a www.consultorsgqf.com (framing).<\/p>\n<p><strong>RESPONSABILIDAD SOBRE LOS CONTENIDOS<\/strong><\/p>\n<p>Aunque GQF act\u00faa con la m\u00e1xima diligencia posible, se puede dar el caso que alg\u00fan dato o informaci\u00f3n no est\u00e9 del todo actualizada en el momento que el usuario del sitio web lo consulte. Por esto GQF manifiesta que las referencias de los productos y precios que se presenten en su sitio web tienen una funci\u00f3n orientativa y no obligan a GQF hasta la confirmaci\u00f3n expresa de un pedido.<\/p>\n<p>GQF no se responsabiliza de la informaci\u00f3n que se pueda obtener a trav\u00e9s de enlaces inclu\u00eddos en el sitio.<\/p>\n<p><strong>CONDICIONES DE USO<\/strong><\/p>\n<p>El uso de este sitio web implica la aceptaci\u00f3n plena de los t\u00e9rminos y condiciones del presente aviso legal. Los posibles conflictos relativos a este sitio web se regir\u00e1n exclusivamente por el derecho del Estado espa\u00f1ol. Toda persona usuaria del sitio web, independientemente de la jurisdicci\u00f3n territorial des de la cual se produzca su acceso, acepta el cumplimiento y respeto de estas cl\u00e1usulas.<\/p>\n\t\t\t\t\t\t\t\t<\/div>\n\t\t\t\t<\/div>\n\t\t\t\t\t<\/div>\n\t\t<\/div>\n\t\t\t\t\t<\/div>\n\t\t<\/section>\n\t\t\t\t<\/div>\n\t\t","protected":false},"excerpt":{"rendered":"<p>Aviso legal El sitio web y el dominio www.consultorsgqf.com corresponden a Consultors en Gesti\u00f3, Qualitat i Formaci\u00f3 SL \u00a0(en adelante GQF), con CIF B17641432, domiciliada en Calle Cervantes, 34 3\u00ba &#8211; 17230 Palam\u00f3s. Tel. 649 288 408, a\/e gqf@consultorsgqf.com. Figura inscrita en el Registro Mercantil de Girona. PROPIEDAD INTELECTUAL E INDUSTRIAL Los continidos de este&hellip;&nbsp;<a href=\"https:\/\/www.consultorsgqf.com\/es\/aviso-legal\/\" class=\"\" rel=\"bookmark\">Leer m\u00e1s &raquo;<span class=\"screen-reader-text\">Aviso legal<\/span><\/a><\/p>\n","protected":false},"author":1,"featured_media":0,"parent":0,"menu_order":0,"comment_status":"closed","ping_status":"closed","template":"elementor_header_footer","meta":{"_acf_changed":false,"neve_meta_sidebar":"","neve_meta_container":"","neve_meta_enable_content_width":"off","neve_meta_content_width":100,"neve_meta_title_alignment":"","neve_meta_author_avatar":"","neve_post_elements_order":"","neve_meta_disable_header":"","neve_meta_disable_footer":"","neve_meta_disable_title":"","footnotes":""},"class_list":["post-2034","page","type-page","status-publish","hentry"],"acf":[],"yoast_head":"<!-- This site is optimized with the Yoast SEO plugin v27.3 - https:\/\/yoast.com\/product\/yoast-seo-wordpress\/ -->\n<title>Aviso legal | GQF<\/title>\n<meta name=\"robots\" content=\"noindex, follow\" \/>\n<meta property=\"og:locale\" content=\"es_ES\" \/>\n<meta property=\"og:type\" content=\"article\" \/>\n<meta property=\"og:title\" content=\"Aviso legal | GQF\" \/>\n<meta property=\"og:description\" content=\"Aviso legal El sitio web y el dominio www.consultorsgqf.com corresponden a Consultors en Gesti\u00f3, Qualitat i Formaci\u00f3 SL \u00a0(en adelante GQF), con CIF B17641432, domiciliada en Calle Cervantes, 34 3\u00ba &#8211; 17230 Palam\u00f3s. Tel. 649 288 408, a\/e gqf@consultorsgqf.com. Figura inscrita en el Registro Mercantil de Girona. PROPIEDAD INTELECTUAL E INDUSTRIAL Los continidos de este&hellip;&nbsp;Leer m\u00e1s &raquo;Aviso legal\" \/>\n<meta property=\"og:url\" content=\"https:\/\/www.consultorsgqf.com\/es\/aviso-legal\/\" \/>\n<meta property=\"og:site_name\" content=\"GQF\" \/>\n<meta property=\"article:modified_time\" content=\"2025-07-31T09:33:21+00:00\" \/>\n<meta property=\"og:image\" content=\"https:\/\/www.consultorsgqf.com\/wp-content\/uploads\/2024\/10\/GQF.jpg\" \/>\n\t<meta property=\"og:image:width\" content=\"1280\" \/>\n\t<meta property=\"og:image:height\" content=\"720\" \/>\n\t<meta property=\"og:image:type\" content=\"image\/jpeg\" \/>\n<meta name=\"twitter:card\" content=\"summary_large_image\" \/>\n<meta name=\"twitter:label1\" content=\"Tiempo de lectura\" \/>\n\t<meta name=\"twitter:data1\" content=\"2 minutos\" \/>\n<script type=\"application\/ld+json\" class=\"yoast-schema-graph\">{\"@context\":\"https:\\\/\\\/schema.org\",\"@graph\":[{\"@type\":\"WebPage\",\"@id\":\"https:\\\/\\\/www.consultorsgqf.com\\\/es\\\/aviso-legal\\\/\",\"url\":\"https:\\\/\\\/www.consultorsgqf.com\\\/es\\\/aviso-legal\\\/\",\"name\":\"Aviso legal | GQF\",\"isPartOf\":{\"@id\":\"https:\\\/\\\/www.consultorsgqf.com\\\/es\\\/#website\"},\"datePublished\":\"2021-04-21T06:42:48+00:00\",\"dateModified\":\"2025-07-31T09:33:21+00:00\",\"breadcrumb\":{\"@id\":\"https:\\\/\\\/www.consultorsgqf.com\\\/es\\\/aviso-legal\\\/#breadcrumb\"},\"inLanguage\":\"es\",\"potentialAction\":[{\"@type\":\"ReadAction\",\"target\":[\"https:\\\/\\\/www.consultorsgqf.com\\\/es\\\/aviso-legal\\\/\"]}]},{\"@type\":\"BreadcrumbList\",\"@id\":\"https:\\\/\\\/www.consultorsgqf.com\\\/es\\\/aviso-legal\\\/#breadcrumb\",\"itemListElement\":[{\"@type\":\"ListItem\",\"position\":1,\"name\":\"Inici\",\"item\":\"https:\\\/\\\/www.consultorsgqf.com\\\/es\\\/\"},{\"@type\":\"ListItem\",\"position\":2,\"name\":\"Aviso legal\"}]},{\"@type\":\"WebSite\",\"@id\":\"https:\\\/\\\/www.consultorsgqf.com\\\/es\\\/#website\",\"url\":\"https:\\\/\\\/www.consultorsgqf.com\\\/es\\\/\",\"name\":\"GQF\",\"description\":\"Consultors\",\"publisher\":{\"@id\":\"https:\\\/\\\/www.consultorsgqf.com\\\/es\\\/#organization\"},\"alternateName\":\"GQF\",\"potentialAction\":[{\"@type\":\"SearchAction\",\"target\":{\"@type\":\"EntryPoint\",\"urlTemplate\":\"https:\\\/\\\/www.consultorsgqf.com\\\/es\\\/?s={search_term_string}\"},\"query-input\":{\"@type\":\"PropertyValueSpecification\",\"valueRequired\":true,\"valueName\":\"search_term_string\"}}],\"inLanguage\":\"es\"},{\"@type\":\"Organization\",\"@id\":\"https:\\\/\\\/www.consultorsgqf.com\\\/es\\\/#organization\",\"name\":\"GQF\",\"alternateName\":\"GQF\",\"url\":\"https:\\\/\\\/www.consultorsgqf.com\\\/es\\\/\",\"logo\":{\"@type\":\"ImageObject\",\"inLanguage\":\"es\",\"@id\":\"https:\\\/\\\/www.consultorsgqf.com\\\/es\\\/#\\\/schema\\\/logo\\\/image\\\/\",\"url\":\"https:\\\/\\\/www.consultorsgqf.com\\\/wp-content\\\/uploads\\\/2021\\\/04\\\/favicon.png\",\"contentUrl\":\"https:\\\/\\\/www.consultorsgqf.com\\\/wp-content\\\/uploads\\\/2021\\\/04\\\/favicon.png\",\"width\":512,\"height\":512,\"caption\":\"GQF\"},\"image\":{\"@id\":\"https:\\\/\\\/www.consultorsgqf.com\\\/es\\\/#\\\/schema\\\/logo\\\/image\\\/\"},\"sameAs\":[\"https:\\\/\\\/www.linkedin.com\\\/company\\\/consultors-gqf\\\/\"]}]}<\/script>\n<!-- \/ Yoast SEO plugin. -->","yoast_head_json":{"title":"Aviso legal | GQF","robots":{"index":"noindex","follow":"follow"},"og_locale":"es_ES","og_type":"article","og_title":"Aviso legal | GQF","og_description":"Aviso legal El sitio web y el dominio www.consultorsgqf.com corresponden a Consultors en Gesti\u00f3, Qualitat i Formaci\u00f3 SL \u00a0(en adelante GQF), con CIF B17641432, domiciliada en Calle Cervantes, 34 3\u00ba &#8211; 17230 Palam\u00f3s. Tel. 649 288 408, a\/e gqf@consultorsgqf.com. Figura inscrita en el Registro Mercantil de Girona. PROPIEDAD INTELECTUAL E INDUSTRIAL Los continidos de este&hellip;&nbsp;Leer m\u00e1s &raquo;Aviso legal","og_url":"https:\/\/www.consultorsgqf.com\/es\/aviso-legal\/","og_site_name":"GQF","article_modified_time":"2025-07-31T09:33:21+00:00","og_image":[{"width":1280,"height":720,"url":"https:\/\/www.consultorsgqf.com\/wp-content\/uploads\/2024\/10\/GQF.jpg","type":"image\/jpeg"}],"twitter_card":"summary_large_image","twitter_misc":{"Tiempo de lectura":"2 minutos"},"schema":{"@context":"https:\/\/schema.org","@graph":[{"@type":"WebPage","@id":"https:\/\/www.consultorsgqf.com\/es\/aviso-legal\/","url":"https:\/\/www.consultorsgqf.com\/es\/aviso-legal\/","name":"Aviso legal | GQF","isPartOf":{"@id":"https:\/\/www.consultorsgqf.com\/es\/#website"},"datePublished":"2021-04-21T06:42:48+00:00","dateModified":"2025-07-31T09:33:21+00:00","breadcrumb":{"@id":"https:\/\/www.consultorsgqf.com\/es\/aviso-legal\/#breadcrumb"},"inLanguage":"es","potentialAction":[{"@type":"ReadAction","target":["https:\/\/www.consultorsgqf.com\/es\/aviso-legal\/"]}]},{"@type":"BreadcrumbList","@id":"https:\/\/www.consultorsgqf.com\/es\/aviso-legal\/#breadcrumb","itemListElement":[{"@type":"ListItem","position":1,"name":"Inici","item":"https:\/\/www.consultorsgqf.com\/es\/"},{"@type":"ListItem","position":2,"name":"Aviso legal"}]},{"@type":"WebSite","@id":"https:\/\/www.consultorsgqf.com\/es\/#website","url":"https:\/\/www.consultorsgqf.com\/es\/","name":"GQF","description":"Consultors","publisher":{"@id":"https:\/\/www.consultorsgqf.com\/es\/#organization"},"alternateName":"GQF","potentialAction":[{"@type":"SearchAction","target":{"@type":"EntryPoint","urlTemplate":"https:\/\/www.consultorsgqf.com\/es\/?s={search_term_string}"},"query-input":{"@type":"PropertyValueSpecification","valueRequired":true,"valueName":"search_term_string"}}],"inLanguage":"es"},{"@type":"Organization","@id":"https:\/\/www.consultorsgqf.com\/es\/#organization","name":"GQF","alternateName":"GQF","url":"https:\/\/www.consultorsgqf.com\/es\/","logo":{"@type":"ImageObject","inLanguage":"es","@id":"https:\/\/www.consultorsgqf.com\/es\/#\/schema\/logo\/image\/","url":"https:\/\/www.consultorsgqf.com\/wp-content\/uploads\/2021\/04\/favicon.png","contentUrl":"https:\/\/www.consultorsgqf.com\/wp-content\/uploads\/2021\/04\/favicon.png","width":512,"height":512,"caption":"GQF"},"image":{"@id":"https:\/\/www.consultorsgqf.com\/es\/#\/schema\/logo\/image\/"},"sameAs":["https:\/\/www.linkedin.com\/company\/consultors-gqf\/"]}]}},"_links":{"self":[{"href":"https:\/\/www.consultorsgqf.com\/es\/wp-json\/wp\/v2\/pages\/2034","targetHints":{"allow":["GET"]}}],"collection":[{"href":"https:\/\/www.consultorsgqf.com\/es\/wp-json\/wp\/v2\/pages"}],"about":[{"href":"https:\/\/www.consultorsgqf.com\/es\/wp-json\/wp\/v2\/types\/page"}],"author":[{"embeddable":true,"href":"https:\/\/www.consultorsgqf.com\/es\/wp-json\/wp\/v2\/users\/1"}],"replies":[{"embeddable":true,"href":"https:\/\/www.consultorsgqf.com\/es\/wp-json\/wp\/v2\/comments?post=2034"}],"version-history":[{"count":1,"href":"https:\/\/www.consultorsgqf.com\/es\/wp-json\/wp\/v2\/pages\/2034\/revisions"}],"predecessor-version":[{"id":2035,"href":"https:\/\/www.consultorsgqf.com\/es\/wp-json\/wp\/v2\/pages\/2034\/revisions\/2035"}],"wp:attachment":[{"href":"https:\/\/www.consultorsgqf.com\/es\/wp-json\/wp\/v2\/media?parent=2034"}],"curies":[{"name":"wp","href":"https:\/\/api.w.org\/{rel}","templated":true}]}}