{"id":2050,"date":"2021-04-21T07:39:55","date_gmt":"2021-04-21T05:39:55","guid":{"rendered":"https:\/\/www.consultorsgqf.com\/politica-de-privacidad\/"},"modified":"2025-11-10T18:11:20","modified_gmt":"2025-11-10T17:11:20","slug":"politica-de-privacidad","status":"publish","type":"page","link":"https:\/\/www.consultorsgqf.com\/es\/politica-de-privacidad\/","title":{"rendered":"Pol\u00edtica de privacidad"},"content":{"rendered":"\t\t<div data-elementor-type=\"wp-page\" data-elementor-id=\"2050\" class=\"elementor elementor-2050 elementor-3\" data-elementor-post-type=\"page\">\n\t\t\t\t\t\t<section data-particle_enable=\"false\" data-particle-mobile-disabled=\"false\" class=\"elementor-section elementor-top-section elementor-element elementor-element-4bb98640 elementor-section-boxed elementor-section-height-default elementor-section-height-default\" data-id=\"4bb98640\" data-element_type=\"section\" data-e-type=\"section\" data-settings=\"{&quot;background_background&quot;:&quot;classic&quot;}\">\n\t\t\t\t\t\t<div class=\"elementor-container elementor-column-gap-default\">\n\t\t\t\t\t<div class=\"elementor-column elementor-col-100 elementor-top-column elementor-element elementor-element-7bb97935\" data-id=\"7bb97935\" data-element_type=\"column\" data-e-type=\"column\">\n\t\t\t<div class=\"elementor-widget-wrap elementor-element-populated\">\n\t\t\t\t\t\t<div class=\"elementor-element elementor-element-0c355c3 elementor-widget__width-initial elementor-widget elementor-widget-heading\" data-id=\"0c355c3\" data-element_type=\"widget\" data-e-type=\"widget\" data-widget_type=\"heading.default\">\n\t\t\t\t<div class=\"elementor-widget-container\">\n\t\t\t\t\t<h1 class=\"elementor-heading-title elementor-size-default\">Pol\u00edtica de privacidad<\/h1>\t\t\t\t<\/div>\n\t\t\t\t<\/div>\n\t\t\t\t<div class=\"elementor-element elementor-element-55ef91f8 elementor-widget elementor-widget-text-editor\" data-id=\"55ef91f8\" data-element_type=\"widget\" data-e-type=\"widget\" data-widget_type=\"text-editor.default\">\n\t\t\t\t<div class=\"elementor-widget-container\">\n\t\t\t\t\t\t\t\t\t<h3>1. \u00bfQui\u00e9n es el Responsable del Tratamiento?<\/h3>\n<p>El interesado que facilite datos personales a <b>Consultors En Gestio Qualitat I Formacio Sl<\/b> (\u00abGQF\u00bb) es informado de que el tratamiento de sus datos es realizado por:<\/p>\n<ul>\n<li><b>Identidad:<\/b> Consultors En Gestio Qualitat I Formacio Sl<\/li>\n<li><b>NIF:<\/b> B17641432<\/li>\n<li><b>Direcci\u00f3n:<\/b> Carrer Cervantes, 34 3r 17230 Palam\u00f3s (Girona)<\/li>\n<li><b>Email de contacto (Privacidad):<\/b> gqf@consultorsgqf.com<\/li>\n<\/ul>\n<p>&nbsp;<\/p>\n<h3>2. GQF como RESPONSABLE del Tratamiento: Fines y Bases Legales<\/h3>\n<p>GQF act\u00faa como <b>Responsable<\/b> cuando trata datos para sus propios fines, seg\u00fan el contexto del interesado:<\/p>\n<ul>\n<li><b>Para Usuarios Web:<\/b> Si contacta a trav\u00e9s de nuestro formulario web, tratamos sus datos (nombre, email) con el fin de gestionar su consulta o solicitud de informaci\u00f3n. La base legal para este tratamiento es su consentimiento expl\u00edcito (Art. 6.1a RGPD) al enviar el formulario.<\/li>\n<li><b>Para Clientes Potenciales:<\/b> Si nos solicita un presupuesto o una oferta (p.ej., a trav\u00e9s de la web, correo electr\u00f3nico o tel\u00e9fono), tratamos sus datos de contacto (nombre, email, empresa, cargo) para elaborar la oferta y realizar el seguimiento comercial. Las bases legales para este tratamiento son la aplicaci\u00f3n de medidas precontractuales (Art. 6.1b RGPD) y nuestro inter\u00e9s leg\u00edtimo (Art. 6.1f RGPD) en el seguimiento de las oportunidades de negocio.<\/li>\n<li><b>Para Clientes (Servicios):<\/b> Una vez contratado un servicio, tratamos sus datos de contacto profesionales para la gesti\u00f3n diaria, comunicaci\u00f3n y seguimiento del proyecto de consultor\u00eda. La base legal es la ejecuci\u00f3n de la relaci\u00f3n contractual (Art. 6.1b RGPD).<\/li>\n<li><b>Para Clientes y Proveedores (Facturaci\u00f3n):<\/b> Para emitir facturas, gestionar cobros y pagos, y cumplir con nuestras obligaciones contables y fiscales, tratamos datos identificativos (NIF, raz\u00f3n social) y, en su caso, bancarios. Las bases legales son la ejecuci\u00f3n del contrato (Art. 6.1b RGPD) y el cumplimiento de una obligaci\u00f3n legal (Art. 6.1c RGPD), principalmente en materia fiscal y mercantil.<\/li>\n<\/ul>\n<p>&nbsp;<\/p>\n<h3>3. Plazos de Conservaci\u00f3n (Como Responsable)<\/h3>\n<p>Los datos se conservar\u00e1n solo durante el tiempo necesario para cumplir con la finalidad para la que fueron recogidos:<\/p>\n<ul>\n<li>Los datos de <b>consultas web<\/b>\u00a0se eliminar\u00e1n una vez resuelta la consulta.<\/li>\n<li>Los datos de <b>facturaci\u00f3n<\/b>\u00a0se conservar\u00e1n durante los plazos legales obligatorios (p.ej., 6 a\u00f1os seg\u00fan el C\u00f3digo de Comercio y 5 a\u00f1os a efectos fiscales).<\/li>\n<li>Los datos de <b>gesti\u00f3n de clientes<\/b>\u00a0se conservar\u00e1n mientras dure la relaci\u00f3n contractual y, posteriormente, durante los plazos legales para la prescripci\u00f3n de responsabilidades (p.ej., 10 a\u00f1os mercantil).<\/li>\n<li>Los datos de <b>gesti\u00f3n comercial<\/b>\u00a0se conservar\u00e1n para esta finalidad <b>mientras el interesado no ejerza su derecho de supresi\u00f3n u oposici\u00f3n.<\/b><\/li>\n<\/ul>\n<p>&nbsp;<\/p>\n<h3>4. GQF como ENCARGADO del Tratamiento<\/h3>\n<p>En la prestaci\u00f3n de determinados servicios, GQF act\u00faa como <b>Encargado del Tratamiento<\/b>, siendo el <b>Cliente<\/b> (su empresa) el Responsable de los datos. Esta relaci\u00f3n est\u00e1 regulada por un Contrato de Encargado de Tratamiento (CET) que cumple con el Art. 28 del RGPD.<\/p>\n<ul>\n<li><b>Prestaci\u00f3n del servicio SaaS GQFTOOLS:<\/b> El Cliente (Responsable) determina los fines y los datos que sube a la plataforma. GQF se limita a alojar este contenido y a tratar los datos de las cuentas de usuario (nombre, email) necesarias para el funcionamiento de la herramienta.<\/li>\n<li><b>Prestaci\u00f3n de Servicios de Consultor\u00eda:<\/b> En proyectos como auditor\u00edas, planes de igualdad o PRL, GQF puede tener acceso a datos gestionados por el Cliente (datos de empleados, salarios, datos de salud, etc.). El tratamiento se limita estrictamente al fin del proyecto contratado.<\/li>\n<\/ul>\n<p>Como Encargado, GQF garantiza la implementaci\u00f3n de las medidas de seguridad correspondientes a su certificado <b>ENS Nivel MEDIO<\/b>, la confidencialidad, la no subcontrataci\u00f3n sin autorizaci\u00f3n y la supresi\u00f3n de los datos al finalizar el servicio.<\/p>\n<h3><\/h3>\n<p><\/p>\n<h3>5. Destinatarios de los Datos<\/h3>\n<p>GQF no ceder\u00e1 los datos tratados a terceros, salvo que sea por estricta obligaci\u00f3n legal (p.ej., a la Agencia Tributaria &#8211; AEAT) o para la gesti\u00f3n de cobros con entidades bancarias.<\/p>\n<p>Para la prestaci\u00f3n de nuestros servicios internos, utilizamos proveedores (Encargados de Tratamiento) que act\u00faan bajo nuestras instrucciones.<\/p>\n<h3>6. Transferencias Internacionales<\/h3>\n<p>No se realizan transferencias internacionales de datos. Los servicios y el alojamiento de GQF est\u00e1n ubicados en el Espacio Econ\u00f3mico Europeo (Espa\u00f1a, Francia y Alemania).<\/p>\n<h3>7. Derechos de los Interesados<\/h3>\n<p>Cualquier persona puede ejercer sus derechos de acceso, rectificaci\u00f3n, supresi\u00f3n, limitaci\u00f3n del tratamiento, portabilidad de los datos y oposici\u00f3n.<\/p>\n<ul>\n<li><b>C\u00f3mo ejercerlos:<\/b> Enviando una solicitud al correo electr\u00f3nico <b>gqf@consultorsgqf.com<\/b>, indicando el derecho que desea ejercer y acreditando su identidad.<\/li>\n<li>Tambi\u00e9n tiene derecho a presentar una reclamaci\u00f3n ante la autoridad de control competente (en Espa\u00f1a, la Agencia Espa\u00f1ola de Protecci\u00f3n de Datos &#8211; www.aepd.es).<\/li>\n<\/ul>\n\t\t\t\t\t\t\t\t<\/div>\n\t\t\t\t<\/div>\n\t\t\t\t\t<\/div>\n\t\t<\/div>\n\t\t\t\t\t<\/div>\n\t\t<\/section>\n\t\t\t\t<\/div>\n\t\t","protected":false},"excerpt":{"rendered":"<p>Pol\u00edtica de privacidad 1. \u00bfQui\u00e9n es el Responsable del Tratamiento? El interesado que facilite datos personales a Consultors En Gestio Qualitat I Formacio Sl (\u00abGQF\u00bb) es informado de que el tratamiento de sus datos es realizado por: Identidad: Consultors En Gestio Qualitat I Formacio Sl NIF: B17641432 Direcci\u00f3n: Carrer Cervantes, 34 3r 17230 Palam\u00f3s (Girona)&hellip;&nbsp;<a href=\"https:\/\/www.consultorsgqf.com\/es\/politica-de-privacidad\/\" class=\"\" rel=\"bookmark\">Leer m\u00e1s &raquo;<span class=\"screen-reader-text\">Pol\u00edtica de privacidad<\/span><\/a><\/p>\n","protected":false},"author":1,"featured_media":0,"parent":0,"menu_order":0,"comment_status":"closed","ping_status":"closed","template":"elementor_header_footer","meta":{"_acf_changed":false,"neve_meta_sidebar":"","neve_meta_container":"","neve_meta_enable_content_width":"off","neve_meta_content_width":100,"neve_meta_title_alignment":"","neve_meta_author_avatar":"","neve_post_elements_order":"","neve_meta_disable_header":"","neve_meta_disable_footer":"","neve_meta_disable_title":"","footnotes":""},"class_list":["post-2050","page","type-page","status-publish","hentry"],"acf":[],"yoast_head":"<!-- This site is optimized with the Yoast SEO plugin v27.3 - https:\/\/yoast.com\/product\/yoast-seo-wordpress\/ -->\n<title>Pol\u00edtica de privacidad | GQF<\/title>\n<meta name=\"robots\" content=\"noindex, follow\" \/>\n<meta property=\"og:locale\" content=\"es_ES\" \/>\n<meta property=\"og:type\" content=\"article\" \/>\n<meta property=\"og:title\" content=\"Pol\u00edtica de privacidad | GQF\" \/>\n<meta property=\"og:description\" content=\"Pol\u00edtica de privacidad 1. \u00bfQui\u00e9n es el Responsable del Tratamiento? El interesado que facilite datos personales a Consultors En Gestio Qualitat I Formacio Sl (\u00abGQF\u00bb) es informado de que el tratamiento de sus datos es realizado por: Identidad: Consultors En Gestio Qualitat I Formacio Sl NIF: B17641432 Direcci\u00f3n: Carrer Cervantes, 34 3r 17230 Palam\u00f3s (Girona)&hellip;&nbsp;Leer m\u00e1s &raquo;Pol\u00edtica de privacidad\" \/>\n<meta property=\"og:url\" content=\"https:\/\/www.consultorsgqf.com\/es\/politica-de-privacidad\/\" \/>\n<meta property=\"og:site_name\" content=\"GQF\" \/>\n<meta property=\"article:modified_time\" content=\"2025-11-10T17:11:20+00:00\" \/>\n<meta property=\"og:image\" content=\"https:\/\/www.consultorsgqf.com\/wp-content\/uploads\/2024\/10\/GQF.jpg\" \/>\n\t<meta property=\"og:image:width\" content=\"1280\" \/>\n\t<meta property=\"og:image:height\" content=\"720\" \/>\n\t<meta property=\"og:image:type\" content=\"image\/jpeg\" \/>\n<meta name=\"twitter:card\" content=\"summary_large_image\" \/>\n<meta name=\"twitter:label1\" content=\"Tiempo de lectura\" \/>\n\t<meta name=\"twitter:data1\" content=\"4 minutos\" \/>\n<script type=\"application\/ld+json\" class=\"yoast-schema-graph\">{\"@context\":\"https:\\\/\\\/schema.org\",\"@graph\":[{\"@type\":\"WebPage\",\"@id\":\"https:\\\/\\\/www.consultorsgqf.com\\\/es\\\/politica-de-privacidad\\\/\",\"url\":\"https:\\\/\\\/www.consultorsgqf.com\\\/es\\\/politica-de-privacidad\\\/\",\"name\":\"Pol\u00edtica de privacidad | GQF\",\"isPartOf\":{\"@id\":\"https:\\\/\\\/www.consultorsgqf.com\\\/es\\\/#website\"},\"datePublished\":\"2021-04-21T05:39:55+00:00\",\"dateModified\":\"2025-11-10T17:11:20+00:00\",\"breadcrumb\":{\"@id\":\"https:\\\/\\\/www.consultorsgqf.com\\\/es\\\/politica-de-privacidad\\\/#breadcrumb\"},\"inLanguage\":\"es\",\"potentialAction\":[{\"@type\":\"ReadAction\",\"target\":[\"https:\\\/\\\/www.consultorsgqf.com\\\/es\\\/politica-de-privacidad\\\/\"]}]},{\"@type\":\"BreadcrumbList\",\"@id\":\"https:\\\/\\\/www.consultorsgqf.com\\\/es\\\/politica-de-privacidad\\\/#breadcrumb\",\"itemListElement\":[{\"@type\":\"ListItem\",\"position\":1,\"name\":\"Inici\",\"item\":\"https:\\\/\\\/www.consultorsgqf.com\\\/es\\\/\"},{\"@type\":\"ListItem\",\"position\":2,\"name\":\"Pol\u00edtica de privacidad\"}]},{\"@type\":\"WebSite\",\"@id\":\"https:\\\/\\\/www.consultorsgqf.com\\\/es\\\/#website\",\"url\":\"https:\\\/\\\/www.consultorsgqf.com\\\/es\\\/\",\"name\":\"GQF\",\"description\":\"Consultors\",\"publisher\":{\"@id\":\"https:\\\/\\\/www.consultorsgqf.com\\\/es\\\/#organization\"},\"alternateName\":\"GQF\",\"potentialAction\":[{\"@type\":\"SearchAction\",\"target\":{\"@type\":\"EntryPoint\",\"urlTemplate\":\"https:\\\/\\\/www.consultorsgqf.com\\\/es\\\/?s={search_term_string}\"},\"query-input\":{\"@type\":\"PropertyValueSpecification\",\"valueRequired\":true,\"valueName\":\"search_term_string\"}}],\"inLanguage\":\"es\"},{\"@type\":\"Organization\",\"@id\":\"https:\\\/\\\/www.consultorsgqf.com\\\/es\\\/#organization\",\"name\":\"GQF\",\"alternateName\":\"GQF\",\"url\":\"https:\\\/\\\/www.consultorsgqf.com\\\/es\\\/\",\"logo\":{\"@type\":\"ImageObject\",\"inLanguage\":\"es\",\"@id\":\"https:\\\/\\\/www.consultorsgqf.com\\\/es\\\/#\\\/schema\\\/logo\\\/image\\\/\",\"url\":\"https:\\\/\\\/www.consultorsgqf.com\\\/wp-content\\\/uploads\\\/2021\\\/04\\\/favicon.png\",\"contentUrl\":\"https:\\\/\\\/www.consultorsgqf.com\\\/wp-content\\\/uploads\\\/2021\\\/04\\\/favicon.png\",\"width\":512,\"height\":512,\"caption\":\"GQF\"},\"image\":{\"@id\":\"https:\\\/\\\/www.consultorsgqf.com\\\/es\\\/#\\\/schema\\\/logo\\\/image\\\/\"},\"sameAs\":[\"https:\\\/\\\/www.linkedin.com\\\/company\\\/consultors-gqf\\\/\"]}]}<\/script>\n<!-- \/ Yoast SEO plugin. -->","yoast_head_json":{"title":"Pol\u00edtica de privacidad | GQF","robots":{"index":"noindex","follow":"follow"},"og_locale":"es_ES","og_type":"article","og_title":"Pol\u00edtica de privacidad | GQF","og_description":"Pol\u00edtica de privacidad 1. \u00bfQui\u00e9n es el Responsable del Tratamiento? El interesado que facilite datos personales a Consultors En Gestio Qualitat I Formacio Sl (\u00abGQF\u00bb) es informado de que el tratamiento de sus datos es realizado por: Identidad: Consultors En Gestio Qualitat I Formacio Sl NIF: B17641432 Direcci\u00f3n: Carrer Cervantes, 34 3r 17230 Palam\u00f3s (Girona)&hellip;&nbsp;Leer m\u00e1s &raquo;Pol\u00edtica de privacidad","og_url":"https:\/\/www.consultorsgqf.com\/es\/politica-de-privacidad\/","og_site_name":"GQF","article_modified_time":"2025-11-10T17:11:20+00:00","og_image":[{"width":1280,"height":720,"url":"https:\/\/www.consultorsgqf.com\/wp-content\/uploads\/2024\/10\/GQF.jpg","type":"image\/jpeg"}],"twitter_card":"summary_large_image","twitter_misc":{"Tiempo de lectura":"4 minutos"},"schema":{"@context":"https:\/\/schema.org","@graph":[{"@type":"WebPage","@id":"https:\/\/www.consultorsgqf.com\/es\/politica-de-privacidad\/","url":"https:\/\/www.consultorsgqf.com\/es\/politica-de-privacidad\/","name":"Pol\u00edtica de privacidad | GQF","isPartOf":{"@id":"https:\/\/www.consultorsgqf.com\/es\/#website"},"datePublished":"2021-04-21T05:39:55+00:00","dateModified":"2025-11-10T17:11:20+00:00","breadcrumb":{"@id":"https:\/\/www.consultorsgqf.com\/es\/politica-de-privacidad\/#breadcrumb"},"inLanguage":"es","potentialAction":[{"@type":"ReadAction","target":["https:\/\/www.consultorsgqf.com\/es\/politica-de-privacidad\/"]}]},{"@type":"BreadcrumbList","@id":"https:\/\/www.consultorsgqf.com\/es\/politica-de-privacidad\/#breadcrumb","itemListElement":[{"@type":"ListItem","position":1,"name":"Inici","item":"https:\/\/www.consultorsgqf.com\/es\/"},{"@type":"ListItem","position":2,"name":"Pol\u00edtica de privacidad"}]},{"@type":"WebSite","@id":"https:\/\/www.consultorsgqf.com\/es\/#website","url":"https:\/\/www.consultorsgqf.com\/es\/","name":"GQF","description":"Consultors","publisher":{"@id":"https:\/\/www.consultorsgqf.com\/es\/#organization"},"alternateName":"GQF","potentialAction":[{"@type":"SearchAction","target":{"@type":"EntryPoint","urlTemplate":"https:\/\/www.consultorsgqf.com\/es\/?s={search_term_string}"},"query-input":{"@type":"PropertyValueSpecification","valueRequired":true,"valueName":"search_term_string"}}],"inLanguage":"es"},{"@type":"Organization","@id":"https:\/\/www.consultorsgqf.com\/es\/#organization","name":"GQF","alternateName":"GQF","url":"https:\/\/www.consultorsgqf.com\/es\/","logo":{"@type":"ImageObject","inLanguage":"es","@id":"https:\/\/www.consultorsgqf.com\/es\/#\/schema\/logo\/image\/","url":"https:\/\/www.consultorsgqf.com\/wp-content\/uploads\/2021\/04\/favicon.png","contentUrl":"https:\/\/www.consultorsgqf.com\/wp-content\/uploads\/2021\/04\/favicon.png","width":512,"height":512,"caption":"GQF"},"image":{"@id":"https:\/\/www.consultorsgqf.com\/es\/#\/schema\/logo\/image\/"},"sameAs":["https:\/\/www.linkedin.com\/company\/consultors-gqf\/"]}]}},"_links":{"self":[{"href":"https:\/\/www.consultorsgqf.com\/es\/wp-json\/wp\/v2\/pages\/2050","targetHints":{"allow":["GET"]}}],"collection":[{"href":"https:\/\/www.consultorsgqf.com\/es\/wp-json\/wp\/v2\/pages"}],"about":[{"href":"https:\/\/www.consultorsgqf.com\/es\/wp-json\/wp\/v2\/types\/page"}],"author":[{"embeddable":true,"href":"https:\/\/www.consultorsgqf.com\/es\/wp-json\/wp\/v2\/users\/1"}],"replies":[{"embeddable":true,"href":"https:\/\/www.consultorsgqf.com\/es\/wp-json\/wp\/v2\/comments?post=2050"}],"version-history":[{"count":4,"href":"https:\/\/www.consultorsgqf.com\/es\/wp-json\/wp\/v2\/pages\/2050\/revisions"}],"predecessor-version":[{"id":2169,"href":"https:\/\/www.consultorsgqf.com\/es\/wp-json\/wp\/v2\/pages\/2050\/revisions\/2169"}],"wp:attachment":[{"href":"https:\/\/www.consultorsgqf.com\/es\/wp-json\/wp\/v2\/media?parent=2050"}],"curies":[{"name":"wp","href":"https:\/\/api.w.org\/{rel}","templated":true}]}}